{"id":1317,"date":"2026-01-31T19:10:33","date_gmt":"2026-01-31T19:10:33","guid":{"rendered":"https:\/\/miestaciondigital.com\/?page_id=1317"},"modified":"2026-04-21T17:21:15","modified_gmt":"2026-04-21T17:21:15","slug":"pagina-de-inicio","status":"publish","type":"page","link":"https:\/\/miestaciondigital.com\/","title":{"rendered":"Confiado por 250+ equipos"},"content":{"rendered":"\n<blockquote class=\"wp-block-quote has-text-align-center is-layout-flow wp-block-quote-is-layout-flow\">\n<div style=\"height:40px\" aria-hidden=\"true\" class=\"wp-block-spacer\"><\/div>\n\n\n\n<div class=\"banner-inicio\" style=\"background-image: linear-gradient(rgba(0, 0, 0, 0.8), rgba(0, 0, 0, 0.8)), url('https:\/\/plus.unsplash.com\/premium_photo-1661757386050-434ce5f705d4?q=80&#038;w=1032&#038;auto=format&#038;fit=crop&#038;ixlib=rb-4.1.0&#038;ixid=M3wxMjA3fDB8MHxwaG90by1wYWdlfHx8fGVufDB8fHx8fA%3D%3D');\n  background-repeat: no-repeat;\n  background-position: center;\n  background-size:cover;\n  width:100%;\n  height:430px;\n  position:relative;\"> \n  <div class=\"texto-overlay\" style=\"position: absolute;\n  top: 0;\n  left: 0;\n  width: 100%;\n  height: 100%;\n  color: white;\n  display: flex;\n  flex-direction: column;\n  justify-content: center;\n  align-items: center;\n  text-align: center;\">\n    <h3 style=\"font-weight:700;\"> La mayor\u00eda de las empresas pierde informaci\u00f3n todos los d\u00edas <\/h3>\n    <p style=\"font-style:italic;\"> Decisiones que no se registran <\/p>\n    <p style=\"font-style:italic;\"> Ejecuciones que no se pueden auditar <\/p>\n    <p style=\"font-style:italic;\"> Procesos que no se documentan <\/p>\n    <h3 style=\"font-weight:700;\"> Cuando la operaci\u00f3n no tiene memoria, no hay control ni medici\u00f3n <\/h3>\n      \n    <\/div>\n<\/div>\n<\/blockquote>\n\n\n\n<p class=\"has-text-align-center has-text-color has-link-color wp-elements-ff405f847e3491f06d44d0a0d9e1975c\" style=\"color:#6b7280;font-size:17px\"><\/p>\n\n\n\n<blockquote class=\"wp-block-quote has-text-align-center is-layout-flow wp-block-quote-is-layout-flow\">\n<blockquote class=\"wp-block-quote is-layout-flow wp-block-quote-is-layout-flow\">\n<p><\/p>\n<\/blockquote>\n\n\n\n<blockquote class=\"wp-block-quote is-layout-flow wp-block-quote-is-layout-flow\">\n<p><\/p>\n<\/blockquote>\n\n\n\n<blockquote class=\"wp-block-quote is-layout-flow wp-block-quote-is-layout-flow\">\n<p><\/p>\n<\/blockquote>\n\n\n\n<div style=\"height:36px\" aria-hidden=\"true\" class=\"wp-block-spacer\"><\/div>\n\n\n\n<hr class=\"wp-block-separator has-alpha-channel-opacity\"\/>\n\n\n\n<div style=\"height:22px\" aria-hidden=\"true\" class=\"wp-block-spacer\"><\/div>\n\n\n\n<h3 class=\"wp-block-heading has-text-align-center has-black-color has-text-color has-link-color wp-elements-43716d832f1e857e30e6a57c78a788a9\"><strong>Indicadores Operativos<\/strong> <br>Lo que se mide, se mejora<\/h3>\n<\/blockquote>\n\n\n\n<div style=\"display:flex; justify-content:center; gap:60px; padding:30px 20px 60px 20px; text-align:center; flex-wrap:wrap;\">\n  <div>\n    <div  class=\"indicador fade-in delay-5\" style=\"font-size:42px; font-weight:800; color:#0f172a;\">402<\/div>\n    <div style=\"font-size:14px; color:#64748b;\">Operando con Memoria Digital<\/div>\n  <\/div> \n\n  <div>\n    <div style=\"font-size:42px; font-weight:800; color:#0f172a;\">78.8%<\/div>\n    <div style=\"font-size:14px; color:#64748b;\">Cumplimiento operativo logrado<\/div>\n  <\/div>\n\n  <div>\n    <div style=\"font-size:42px; font-weight:800; color:#0f172a;\">21,254<\/div>\n    <div style=\"font-size:14px; color:#64748b;\">Eventos Registrados y Trazables<\/div>\n  <\/div>\n\n  <div>\n    <div style=\"font-size:42px; font-weight:800; color:#0f172a;\">647<\/div>\n    <div style=\"font-size:14px; color:#64748b;\">Activos Bajo Control<\/div>\n  <\/div>\n\n<\/div>\n\n\n\n<hr class=\"wp-block-separator has-alpha-channel-opacity\"\/>\n\n\n\n<div style=\"height:20px\" aria-hidden=\"true\" class=\"wp-block-spacer\"><\/div>\n\n\n\n<blockquote class=\"wp-block-quote is-layout-flow wp-block-quote-is-layout-flow\">\n<h3 class=\"wp-block-heading has-text-align-center has-text-color has-link-color wp-elements-100189556f24e8e1563801ed15239e0c\" style=\"color:#6b7280\"><\/h3>\n<\/blockquote>\n\n\n\n<div class=\"med-marquee\">\n  <div class=\"med-marquee-track\">\n    <img decoding=\"async\" src=\"https:\/\/miestaciondigital.com\/wordpress\/wp-content\/uploads\/2026\/02\/LOGOSTODOS.png\"\n         alt=\"Empresas que conf\u00edan en Mi Estaci\u00f3n Digital\">\n\n    <img decoding=\"async\" src=\"https:\/\/miestaciondigital.com\/wordpress\/wp-content\/uploads\/2026\/02\/LOGOSTODOS.png\"\n         alt=\"\" aria-hidden=\"true\">\n  <\/div>\n<\/div>\n\n\n\n<div style=\"height:20px\" aria-hidden=\"true\" class=\"wp-block-spacer\"><\/div>\n\n\n\n<blockquote class=\"wp-block-quote is-layout-flow wp-block-quote-is-layout-flow\">\n<h4 class=\"wp-block-heading has-text-align-center has-text-color has-link-color wp-elements-07fc74eb8730272ef464720b392677d1\" style=\"color:#6b7280\"><strong>Gracias por su confianza<\/strong><\/h4>\n<\/blockquote>\n\n\n\n<div style=\"height:234px\" aria-hidden=\"true\" class=\"wp-block-spacer\"><\/div>\n\n\n<div class=\"wp-block-image\">\n<figure class=\"aligncenter size-large is-resized\"><img loading=\"lazy\" decoding=\"async\" width=\"1024\" height=\"342\" src=\"https:\/\/miestaciondigital.com\/wordpress\/wp-content\/uploads\/2026\/03\/Paises-1024x342.png\" alt=\"\" class=\"wp-image-3817\" style=\"aspect-ratio:2.994262174488745;width:362px;height:auto\" srcset=\"https:\/\/miestaciondigital.com\/wordpress\/wp-content\/uploads\/2026\/03\/Paises-1024x342.png 1024w, https:\/\/miestaciondigital.com\/wordpress\/wp-content\/uploads\/2026\/03\/Paises-1000x334.png 1000w, https:\/\/miestaciondigital.com\/wordpress\/wp-content\/uploads\/2026\/03\/Paises-200x67.png 200w, https:\/\/miestaciondigital.com\/wordpress\/wp-content\/uploads\/2026\/03\/Paises-300x100.png 300w, https:\/\/miestaciondigital.com\/wordpress\/wp-content\/uploads\/2026\/03\/Paises-768x256.png 768w, https:\/\/miestaciondigital.com\/wordpress\/wp-content\/uploads\/2026\/03\/Paises-1536x513.png 1536w, https:\/\/miestaciondigital.com\/wordpress\/wp-content\/uploads\/2026\/03\/Paises.png 1936w\" sizes=\"auto, (max-width: 1024px) 100vw, 1024px\" \/><\/figure>\n<\/div>\n\n\n<div style=\"height:0px\" aria-hidden=\"true\" class=\"wp-block-spacer\"><\/div>\n\n\n<div class=\"wp-block-image\">\n<figure class=\"aligncenter size-large is-resized\"><a href=\"https:\/\/magtech.mx\"><img loading=\"lazy\" decoding=\"async\" width=\"1024\" height=\"96\" src=\"https:\/\/miestaciondigital.com\/wordpress\/wp-content\/uploads\/2026\/03\/Screenshot-2026-03-08-at-9.36.53-a.m-1024x96.png\" alt=\"\" class=\"wp-image-2519\" style=\"aspect-ratio:10.040632054176072;width:304px;height:auto\" srcset=\"https:\/\/miestaciondigital.com\/wordpress\/wp-content\/uploads\/2026\/03\/Screenshot-2026-03-08-at-9.36.53-a.m-1024x96.png 1024w, https:\/\/miestaciondigital.com\/wordpress\/wp-content\/uploads\/2026\/03\/Screenshot-2026-03-08-at-9.36.53-a.m-1000x93.png 1000w, https:\/\/miestaciondigital.com\/wordpress\/wp-content\/uploads\/2026\/03\/Screenshot-2026-03-08-at-9.36.53-a.m-200x19.png 200w, https:\/\/miestaciondigital.com\/wordpress\/wp-content\/uploads\/2026\/03\/Screenshot-2026-03-08-at-9.36.53-a.m-300x28.png 300w, https:\/\/miestaciondigital.com\/wordpress\/wp-content\/uploads\/2026\/03\/Screenshot-2026-03-08-at-9.36.53-a.m-768x72.png 768w, https:\/\/miestaciondigital.com\/wordpress\/wp-content\/uploads\/2026\/03\/Screenshot-2026-03-08-at-9.36.53-a.m-1536x143.png 1536w, https:\/\/miestaciondigital.com\/wordpress\/wp-content\/uploads\/2026\/03\/Screenshot-2026-03-08-at-9.36.53-a.m.png 1670w\" sizes=\"auto, (max-width: 1024px) 100vw, 1024px\" \/><\/a><\/figure>\n<\/div>\n\n\n<div style=\"height:8px\" aria-hidden=\"true\" class=\"wp-block-spacer\"><\/div>\n","protected":false},"excerpt":{"rendered":"<p>402 Operando con Memoria Digital 78.8% Cumplimiento operativo logrado 21,254 Eventos Registrados y Trazables 647 Activos Bajo Control Gracias por su confianza<\/p>\n","protected":false},"author":1,"featured_media":0,"parent":0,"menu_order":0,"comment_status":"closed","ping_status":"closed","template":"","meta":{"footnotes":""},"class_list":["post-1317","page","type-page","status-publish","hentry"],"_links":{"self":[{"href":"https:\/\/miestaciondigital.com\/index.php\/wp-json\/wp\/v2\/pages\/1317","targetHints":{"allow":["GET"]}}],"collection":[{"href":"https:\/\/miestaciondigital.com\/index.php\/wp-json\/wp\/v2\/pages"}],"about":[{"href":"https:\/\/miestaciondigital.com\/index.php\/wp-json\/wp\/v2\/types\/page"}],"author":[{"embeddable":true,"href":"https:\/\/miestaciondigital.com\/index.php\/wp-json\/wp\/v2\/users\/1"}],"replies":[{"embeddable":true,"href":"https:\/\/miestaciondigital.com\/index.php\/wp-json\/wp\/v2\/comments?post=1317"}],"version-history":[{"count":197,"href":"https:\/\/miestaciondigital.com\/index.php\/wp-json\/wp\/v2\/pages\/1317\/revisions"}],"predecessor-version":[{"id":4045,"href":"https:\/\/miestaciondigital.com\/index.php\/wp-json\/wp\/v2\/pages\/1317\/revisions\/4045"}],"wp:attachment":[{"href":"https:\/\/miestaciondigital.com\/index.php\/wp-json\/wp\/v2\/media?parent=1317"}],"curies":[{"name":"wp","href":"https:\/\/api.w.org\/{rel}","templated":true}]}}